{"id":564,"date":"2012-10-03T16:01:51","date_gmt":"2012-10-03T14:01:51","guid":{"rendered":"http:\/\/switzerinox.ch\/dev2017\/home\/"},"modified":"2018-01-25T09:43:11","modified_gmt":"2018-01-25T08:43:11","slug":"home","status":"publish","type":"page","link":"https:\/\/www.switzerinox.ch\/de\/","title":{"rendered":"DAS UEBERLEBENSMESSER"},"content":{"rendered":"<p><span style=\"color: #ff0000; font-size: 14pt;\"><strong>Das <span style=\"color: #ff0000;\"><span style=\"font-size: 14pt; color: #000000;\">EXTREM<em>ROBUST<\/em><\/span><span style=\"color: #000000;\">\u00a0<\/span><\/span><\/strong><\/span><span style=\"color: #ff0000;\"><strong><span style=\"color: #000000;\"><sup><span style=\"color: #000000; font-size: 14pt;\">\u00ae<\/span><span style=\"font-size: 14pt;\">\u00a0<\/span><\/sup><\/span><\/strong><\/span><span style=\"color: #ff0000; font-size: 14pt;\"><strong>d<\/strong><\/span><span style=\"font-size: 14pt; color: #ff0000;\"><strong>as Ueberlebensmesser\u00a0fuer\u00a0jeglichen Ueberlebensspezialisten, Abenteurer, Militaer, Pfadfinder&#8230; <\/strong><\/span><span style=\"font-size: 8pt; color: #ffffff;\">\u00fcberleben \u00fcberlebensmesser \u00fcberlebensspezialist \u00fcberlebenssituation messer uberleben uberlebensmesser uberlebensspezialist uberlebenssituation switzerinox extremrobust robustiom milit\u00e4r militar pfadfinder survival<br \/>\n<\/span><div class=\"content-blocks-container\"><div class=\"wrapper\"><div class=\"row-fluid\"><div class=\"content-blocks span4\"><p style=\"margin-bottom: 30px;\"><span style=\"font-size: 12pt;\"><strong>SPEZIFIKATIONEN<br \/>\nDES UEBERLEBENSMESSERS<br \/>\nDAS\u00a0<\/strong><\/span><strong><span style=\"font-size: 12pt; color: #000000;\">EXTREM<em>ROBUST<\/em><\/span><\/strong><span style=\"font-size: 12pt;\"><span style=\"color: #000000;\">\u00a0<\/span><\/span><strong><span style=\"color: #000000;\"><sup><span style=\"font-size: 12pt; color: #000000;\">\u00ae<\/span><\/sup><\/span><\/strong><\/p>\n<p style=\"text-align: left;\"><strong><span style=\"font-size: 10pt;\">Einteilig aus rostfreier Legierung<span style=\"color: #000000; font-size: 10pt;\">\u00a0Robustiom<\/span><span style=\"color: #000000; font-size: 10pt;\">\u00a0<\/span><span style=\"color: #000000;\"><sup>\u00ae<br \/>\n<\/sup><\/span>mit demontierbaren Griff-Grips,<br \/>\nbesonders stechende Klingen-Form und<br \/>\nMehrzweck-Klingen-Schneide.<\/span><\/strong><\/p>\n<p style=\"text-align: left;\"><strong>SPEZIFIKATIONEN<\/strong><strong><br \/>\nDER ZUBEHOERE<\/strong><\/p>\n<p style=\"text-align: left;\"><strong style=\"font-size: 10pt;\"><span style=\"font-size: 10pt;\"><strong>Multi-Position-Scheide aus Leder mit integrierter Tasche fuer Feuer-Starter.<br \/>\nKombinierter Feuer-Starter aus Magnesium mit integriertem Auer-Metall.<\/strong><\/span><\/strong><\/p>\n<p style=\"text-align: left;\"><span style=\"font-size: 12pt;\"><strong><span style=\"color: #000000;\"><span style=\"color: #ff0000;\">+<\/span><\/span><\/strong><\/span> <span style=\"text-decoration: underline; font-size: 12pt;\"><strong><span style=\"color: #000000;\"><a href=\"https:\/\/www.switzerinox.ch\/de\/spez\">MEHR SPEZIFIKATIONEN<\/a><\/span><\/strong><\/span><\/p><\/div><div class=\"content-blocks span4\"><p style=\"margin-bottom: 30px;\"><span style=\"font-size: 12pt;\"><strong>LEISTUNGEN<br \/>\n<\/strong><\/span><span style=\"font-size: 12pt;\"><strong>DES UEBERLEBENSMESSERS<br \/>\n<\/strong><\/span><span style=\"font-size: 12pt;\"><strong>DAS\u00a0<\/strong><\/span><strong><span style=\"font-size: 12pt; color: #000000;\">EXTREM<em>ROBUST<\/em><\/span><\/strong><span style=\"font-size: 12pt;\"><span style=\"color: #000000;\">\u00a0<\/span><\/span><strong><span style=\"color: #000000;\"><sup><span style=\"font-size: 12pt; color: #000000;\">\u00ae<\/span><\/sup><\/span><\/strong><\/p>\n<p style=\"text-align: left;\"><a href=\"https:\/\/www.switzerinox.ch\/de\/leist\/\"><img class=\"alignnone wp-image-1803 size-full\" src=\"https:\/\/www.switzerinox.ch\/wp-content\/uploads\/2017\/04\/couvertureVideo.png\" alt=\"\" width=\"1120\" height=\"626\" \/><\/a><\/p><\/div><div class=\"content-blocks span4\"><p style=\"margin-bottom: 30px;\"><span style=\"font-size: 12pt;\"><strong>DAS UEBERLEBENSMESSER<br \/>\nDAS\u00a0<\/strong><\/span><strong><span style=\"font-size: 12pt; color: #000000;\">EXTREM<em>ROBUST<\/em><\/span><\/strong><span style=\"font-size: 12pt;\"><span style=\"color: #000000;\">\u00a0<\/span><\/span><span style=\"color: #000000;\"><sup><span style=\"font-size: 12pt; color: #000000;\"><strong>\u00ae<\/strong><br \/>\n<\/span><\/sup><\/span><span style=\"font-size: 12pt;\"><strong>BESTELLEN<\/strong><\/span><\/p>\n<p class=\"mtphr-style-bouton\" style=\"text-align: left;\"><a href=\"https:\/\/www.switzerinox.ch\/de\/bestellen\/\">BESTELLEN<\/a><\/p><\/div><\/div><\/div><\/div><\/p>\n","protected":false},"excerpt":{"rendered":"<p>Das EXTREMROBUST\u00a0\u00ae\u00a0das Ueberlebensmesser\u00a0fuer\u00a0jeglichen Ueberlebensspezialisten, Abenteurer, Militaer, Pfadfinder&#8230; \u00fcberleben \u00fcberlebensmesser \u00fcberlebensspezialist \u00fcberlebenssituation messer uberleben uberlebensmesser uberlebensspezialist uberlebenssituation switzerinox extremrobust robustiom milit\u00e4r militar pfadfinder survival<\/p>\n","protected":false},"author":1,"featured_media":0,"parent":0,"menu_order":0,"comment_status":"closed","ping_status":"closed","template":"","meta":[],"yoast_head":"<!-- This site is optimized with the Yoast SEO plugin v19.8 - https:\/\/yoast.com\/wordpress\/plugins\/seo\/ -->\n<title>DAS UEBERLEBENSMESSER - Switzerinox<\/title>\n<meta name=\"robots\" content=\"index, follow, max-snippet:-1, max-image-preview:large, max-video-preview:-1\" \/>\n<link rel=\"canonical\" href=\"https:\/\/www.switzerinox.ch\/de\/\" \/>\n<meta property=\"og:locale\" content=\"de_DE\" \/>\n<meta property=\"og:type\" content=\"article\" \/>\n<meta property=\"og:title\" content=\"DAS UEBERLEBENSMESSER - Switzerinox\" \/>\n<meta property=\"og:description\" content=\"Das EXTREMROBUST\u00a0\u00ae\u00a0das Ueberlebensmesser\u00a0fuer\u00a0jeglichen Ueberlebensspezialisten, Abenteurer, Militaer, Pfadfinder&#8230; \u00fcberleben \u00fcberlebensmesser \u00fcberlebensspezialist \u00fcberlebenssituation messer uberleben uberlebensmesser uberlebensspezialist uberlebenssituation switzerinox extremrobust robustiom milit\u00e4r militar pfadfinder survival\" \/>\n<meta property=\"og:url\" content=\"https:\/\/www.switzerinox.ch\/de\/\" \/>\n<meta property=\"og:site_name\" content=\"Switzerinox\" \/>\n<meta property=\"article:modified_time\" content=\"2018-01-25T08:43:11+00:00\" \/>\n<meta name=\"twitter:card\" content=\"summary_large_image\" \/>\n<script type=\"application\/ld+json\" class=\"yoast-schema-graph\">{\"@context\":\"https:\/\/schema.org\",\"@graph\":[{\"@type\":\"WebPage\",\"@id\":\"https:\/\/www.switzerinox.ch\/de\/\",\"url\":\"https:\/\/www.switzerinox.ch\/de\/\",\"name\":\"DAS UEBERLEBENSMESSER - Switzerinox\",\"isPartOf\":{\"@id\":\"https:\/\/www.switzerinox.ch\/#website\"},\"datePublished\":\"2012-10-03T14:01:51+00:00\",\"dateModified\":\"2018-01-25T08:43:11+00:00\",\"breadcrumb\":{\"@id\":\"https:\/\/www.switzerinox.ch\/de\/#breadcrumb\"},\"inLanguage\":\"de\",\"potentialAction\":[{\"@type\":\"ReadAction\",\"target\":[\"https:\/\/www.switzerinox.ch\/de\/\"]}]},{\"@type\":\"BreadcrumbList\",\"@id\":\"https:\/\/www.switzerinox.ch\/de\/#breadcrumb\",\"itemListElement\":[{\"@type\":\"ListItem\",\"position\":1,\"name\":\"Accueil\",\"item\":\"https:\/\/www.switzerinox.ch\/de\/\"},{\"@type\":\"ListItem\",\"position\":2,\"name\":\"DAS UEBERLEBENSMESSER\"}]},{\"@type\":\"WebSite\",\"@id\":\"https:\/\/www.switzerinox.ch\/#website\",\"url\":\"https:\/\/www.switzerinox.ch\/\",\"name\":\"Switzerinox\",\"description\":\"Switzerinox\",\"potentialAction\":[{\"@type\":\"SearchAction\",\"target\":{\"@type\":\"EntryPoint\",\"urlTemplate\":\"https:\/\/www.switzerinox.ch\/?s={search_term_string}\"},\"query-input\":\"required name=search_term_string\"}],\"inLanguage\":\"de\"}]}<\/script>\n<!-- \/ Yoast SEO plugin. -->","yoast_head_json":{"title":"DAS UEBERLEBENSMESSER - Switzerinox","robots":{"index":"index","follow":"follow","max-snippet":"max-snippet:-1","max-image-preview":"max-image-preview:large","max-video-preview":"max-video-preview:-1"},"canonical":"https:\/\/www.switzerinox.ch\/de\/","og_locale":"de_DE","og_type":"article","og_title":"DAS UEBERLEBENSMESSER - Switzerinox","og_description":"Das EXTREMROBUST\u00a0\u00ae\u00a0das Ueberlebensmesser\u00a0fuer\u00a0jeglichen Ueberlebensspezialisten, Abenteurer, Militaer, Pfadfinder&#8230; \u00fcberleben \u00fcberlebensmesser \u00fcberlebensspezialist \u00fcberlebenssituation messer uberleben uberlebensmesser uberlebensspezialist uberlebenssituation switzerinox extremrobust robustiom milit\u00e4r militar pfadfinder survival","og_url":"https:\/\/www.switzerinox.ch\/de\/","og_site_name":"Switzerinox","article_modified_time":"2018-01-25T08:43:11+00:00","twitter_card":"summary_large_image","schema":{"@context":"https:\/\/schema.org","@graph":[{"@type":"WebPage","@id":"https:\/\/www.switzerinox.ch\/de\/","url":"https:\/\/www.switzerinox.ch\/de\/","name":"DAS UEBERLEBENSMESSER - Switzerinox","isPartOf":{"@id":"https:\/\/www.switzerinox.ch\/#website"},"datePublished":"2012-10-03T14:01:51+00:00","dateModified":"2018-01-25T08:43:11+00:00","breadcrumb":{"@id":"https:\/\/www.switzerinox.ch\/de\/#breadcrumb"},"inLanguage":"de","potentialAction":[{"@type":"ReadAction","target":["https:\/\/www.switzerinox.ch\/de\/"]}]},{"@type":"BreadcrumbList","@id":"https:\/\/www.switzerinox.ch\/de\/#breadcrumb","itemListElement":[{"@type":"ListItem","position":1,"name":"Accueil","item":"https:\/\/www.switzerinox.ch\/de\/"},{"@type":"ListItem","position":2,"name":"DAS UEBERLEBENSMESSER"}]},{"@type":"WebSite","@id":"https:\/\/www.switzerinox.ch\/#website","url":"https:\/\/www.switzerinox.ch\/","name":"Switzerinox","description":"Switzerinox","potentialAction":[{"@type":"SearchAction","target":{"@type":"EntryPoint","urlTemplate":"https:\/\/www.switzerinox.ch\/?s={search_term_string}"},"query-input":"required name=search_term_string"}],"inLanguage":"de"}]}},"_links":{"self":[{"href":"https:\/\/www.switzerinox.ch\/de\/wp-json\/wp\/v2\/pages\/564"}],"collection":[{"href":"https:\/\/www.switzerinox.ch\/de\/wp-json\/wp\/v2\/pages"}],"about":[{"href":"https:\/\/www.switzerinox.ch\/de\/wp-json\/wp\/v2\/types\/page"}],"author":[{"embeddable":true,"href":"https:\/\/www.switzerinox.ch\/de\/wp-json\/wp\/v2\/users\/1"}],"replies":[{"embeddable":true,"href":"https:\/\/www.switzerinox.ch\/de\/wp-json\/wp\/v2\/comments?post=564"}],"version-history":[{"count":23,"href":"https:\/\/www.switzerinox.ch\/de\/wp-json\/wp\/v2\/pages\/564\/revisions"}],"predecessor-version":[{"id":2082,"href":"https:\/\/www.switzerinox.ch\/de\/wp-json\/wp\/v2\/pages\/564\/revisions\/2082"}],"wp:attachment":[{"href":"https:\/\/www.switzerinox.ch\/de\/wp-json\/wp\/v2\/media?parent=564"}],"curies":[{"name":"wp","href":"https:\/\/api.w.org\/{rel}","templated":true}]}}