{"id":566,"date":"2017-04-21T14:32:33","date_gmt":"2017-04-21T12:32:33","guid":{"rendered":"http:\/\/switzerinox.ch\/dev2017\/produit\/"},"modified":"2019-02-28T11:50:00","modified_gmt":"2019-02-28T10:50:00","slug":"spez","status":"publish","type":"page","link":"https:\/\/www.switzerinox.ch\/de\/spez\/","title":{"rendered":"SPEZ."},"content":{"rendered":"<p><strong><span style=\"font-size: 12pt;\">SPEZIFIKATIONEN (SPEZ.)<\/span><\/strong><\/p>\n<p><strong><span style=\"font-size: 10pt;\"><span style=\"font-size: 12pt;\">Ueberlebensmesser das\u00a0<\/span><span style=\"color: #000000; font-size: 12pt;\">EXTREM<em>ROBUST<\/em><\/span><\/span><\/strong><span style=\"font-size: 10pt;\"><span style=\"color: #000000; font-size: 12pt;\">\u00a0<\/span><\/span><strong><span style=\"font-size: 10pt;\"><span style=\"color: #000000; font-size: 12pt;\"><sup>\u00ae<br \/>\n<\/sup><\/span><\/span><\/strong><strong>Aufbau\u00a0:<\/strong><strong><span style=\"font-size: 10pt;\">\u00a0Einteilig (Klinge und Griff aus einem und demselben\u00a0Stueck gemacht). Besonders stechende Klingen-Form\u00a0<\/span><span style=\"font-size: 13.3333px;\">(Spitze von der\u00a0Klinge zentriert\u00a0auf den Griff).<\/span><span style=\"font-size: 10pt;\">\u00a0Mehrzweck-Klingen-Schneide (zackig und geschliffen auf einer Seite der Kante von der Klingen-Basis <\/span><\/strong><strong><span style=\"font-size: 10pt;\">zur\u00a0Haelfte der\u00a0Klingen-Laenge, und glatt\u00a0und\u00a0geschliffen<\/span><span style=\"font-size: 13.3333px;\">\u00a0auf beiden Seiten der Kante von der Klingen-Spitze zur <span style=\"font-size: 10pt;\">Haelfte der\u00a0Klingen-Laenge<\/span>). Klingen-Ruecken mit gezinnter Daumen-Auflage. Griff mit zwei Loechern und mit Handschutz an der <span style=\"font-size: 10pt;\">Klingen-Basis und an der Griff-Basis, die zwei Loecher im Griff ermoeglichen es z. B. eine Schlaufe oder einen Ast gut daran zu binden<\/span>. Demontierbare Griff-Grips mit rauer Oberflaeche (rutschfest), mit zwei rohrfoermigen Schrauben und zwei\u00a0rohrfoermigen Muttern (Abschraubbare Schrauben und Muttern mit z. B. einer Muenze\u00a0von CHF 50 Rappen\u00a0oder\u00a0von CHF 5 Rappen) befestigt.<br \/>\n<\/span><\/strong><strong>Materialien :<\/strong><strong><span style=\"font-size: 10pt;\">\u00a0Klinge und Griff aus rostfreier Legierung<\/span><span style=\"color: #000000; font-size: 10pt;\">\u00a0Robustiom<\/span><\/strong><span style=\"color: #000000; font-size: 10pt;\">\u00a0<\/span><span style=\"font-size: 10pt;\"><strong><span style=\"color: #000000;\"><sup>\u00ae<\/sup><\/span><\/strong>\u00a0<strong>von Rockwell-Haerte (HRC) \u2248 57 mit titanhaltiger lichtreflex-und haftungsmindernder Auflage. Griff-Grips aus Verbund.<br \/>\n<\/strong><\/span><strong>Masse des Messers :<\/strong><strong><span style=\"font-size: 10pt;\">\u00a0Laenge \u2248 223mm. Breite \u2248 37mm. Gewicht \u2248 275g.<br \/>\n<\/span><\/strong><strong>Masse der Klinge :<\/strong><strong><span style=\"font-size: 10pt;\">\u00a0Laenge \u2248\u00a0106mm. Breite \u2248 30mm. Staerke\u00a0\u2248 5mm.\u00a0<\/span><span style=\"font-size: 10pt;\">Zacken (vier) : Laenge \u2248 3mm jede<\/span><span style=\"font-size: 10pt;\">. Zinnen (sechs) : Laenge<\/span><span style=\"font-size: 10pt;\">\u00a0\u2248 2mm jede.<br \/>\n<\/span><\/strong><strong>Masse des Griffes\u00a0:<\/strong><strong><span style=\"font-size: 10pt;\">\u00a0Laenge \u2248 117mm. Breite \u2248 30mm. Staerke (Griff-Grips inbegriffen) \u2248 16mm.<\/span><\/strong><\/p>\n<p><strong><span style=\"font-size: 16px;\">Multi-Position-Scheide<br \/>\n<\/span><\/strong><strong>Aufbau\u00a0:<\/strong><strong><span style=\"font-size: 10pt;\">\u00a0Zusammenstellung (geklebt und\/oder gen\u00e4ht, geschraubt). Demontierbare\u00a0Guertel-Schlaufen vorgesehen fuer ein Tragen\u00a0in verschiedenen vordefinierten Stellungen\u00a0(waagerecht oder\u00a0senkrecht),\u00a0<span style=\"font-size: 13.3333px;\">mit zwei Schrauben und zwei\u00a0rohrfoermigen Muttern befestigt<\/span>. Integrierte und abnehmbare Tasche fuer Feuer-Starter.<br \/>\n<\/span><\/strong><strong>Materialien :<\/strong><strong><span style=\"font-size: 10pt;\">\u00a0Leder und Verbund.<br \/>\n<\/span><\/strong><strong>Masse der Scheide :<\/strong><strong><span style=\"font-size: 10pt;\">\u00a0Laenge \u2248 170mm. Breite\u00a0\u2248 60mm. Staerke \u2248 2mm. Gewicht \u2248 124g.<\/span><\/strong><\/p>\n<p><strong><span style=\"font-size: 16px;\">Kombinierter Feuer-Starter<br \/>\n<\/span><\/strong><strong>Aufbau\u00a0:<\/strong><strong><span style=\"font-size: 10pt;\">\u00a0Zusammenstellung\u00a0(geklebt).<br \/>\n<\/span><\/strong><strong>Materialien :<\/strong><strong><span style=\"font-size: 10pt;\">\u00a0Magnesium mit integriertem Auer-Metall\u00a0(Feuerzeug-Zuendstein).\u00a0Vorgesehen um auch bei einem extremen Feuchtigkeitsprozentsatz zu funktionieren, bietet eine Zuend-Quelle von 3&#8217;000\u00b0C. Das Mass von der Magnesium-Stange ermoeglicht zahlreiche Spaene zu machen und das Mass vom\u00a0Auer-Metallstab ermoeglicht zahlreiche Funken zu machen.<br \/>\n<\/span><\/strong><strong>Masse des Feuer-Starters :<\/strong><strong><span style=\"font-size: 10pt;\">\u00a0Laenge \u2248 76mm. Breite \u2248 27mm. Staerke \u2248 10mm. Gewicht \u2248 38g.\u00a0<\/span><\/strong><span style=\"font-size: 10pt;\"><span style=\"font-size: 8pt; color: #ffffff;\">\u00fcberleben \u00fcberlebensmesser \u00fcberlebensspezialist \u00fcberlebenssituation messer uberleben uberlebensmesser uberlebensspezialist uberlebenssituation switzerinox extremrobust robustiom milit\u00e4r militar pfadfinder survival<\/span><\/span><strong><span style=\"font-size: 10pt;\"><br \/>\n<\/span><\/strong><\/p>\n","protected":false},"excerpt":{"rendered":"<p>SPEZIFIKATIONEN (SPEZ.) Ueberlebensmesser das\u00a0EXTREMROBUST\u00a0\u00ae Aufbau\u00a0:\u00a0Einteilig (Klinge und Griff aus einem und demselben\u00a0Stueck gemacht). Besonders stechende Klingen-Form\u00a0(Spitze von der\u00a0Klinge zentriert\u00a0auf den Griff).\u00a0Mehrzweck-Klingen-Schneide (zackig und geschliffen auf einer Seite der Kante von der Klingen-Basis zur\u00a0Haelfte der\u00a0Klingen-Laenge, und glatt\u00a0und\u00a0geschliffen\u00a0auf beiden Seiten der Kante von der Klingen-Spitze zur Haelfte der\u00a0Klingen-Laenge). Klingen-Ruecken mit gezinnter Daumen-Auflage. Griff mit zwei Loechern und mit Handschutz an der Klingen-Basis&hellip;<\/p>\n","protected":false},"author":1,"featured_media":0,"parent":0,"menu_order":0,"comment_status":"closed","ping_status":"closed","template":"","meta":[],"yoast_head":"<!-- This site is optimized with the Yoast SEO plugin v19.8 - https:\/\/yoast.com\/wordpress\/plugins\/seo\/ -->\n<title>SPEZ. - Switzerinox<\/title>\n<meta name=\"robots\" content=\"index, follow, max-snippet:-1, max-image-preview:large, max-video-preview:-1\" \/>\n<link rel=\"canonical\" href=\"https:\/\/www.switzerinox.ch\/de\/spez\/\" \/>\n<meta property=\"og:locale\" content=\"de_DE\" \/>\n<meta property=\"og:type\" content=\"article\" \/>\n<meta property=\"og:title\" content=\"SPEZ. - Switzerinox\" \/>\n<meta property=\"og:description\" content=\"SPEZIFIKATIONEN (SPEZ.) Ueberlebensmesser das\u00a0EXTREMROBUST\u00a0\u00ae Aufbau\u00a0:\u00a0Einteilig (Klinge und Griff aus einem und demselben\u00a0Stueck gemacht). Besonders stechende Klingen-Form\u00a0(Spitze von der\u00a0Klinge zentriert\u00a0auf den Griff).\u00a0Mehrzweck-Klingen-Schneide (zackig und geschliffen auf einer Seite der Kante von der Klingen-Basis zur\u00a0Haelfte der\u00a0Klingen-Laenge, und glatt\u00a0und\u00a0geschliffen\u00a0auf beiden Seiten der Kante von der Klingen-Spitze zur Haelfte der\u00a0Klingen-Laenge). Klingen-Ruecken mit gezinnter Daumen-Auflage. Griff mit zwei Loechern und mit Handschutz an der Klingen-Basis&hellip;\" \/>\n<meta property=\"og:url\" content=\"https:\/\/www.switzerinox.ch\/de\/spez\/\" \/>\n<meta property=\"og:site_name\" content=\"Switzerinox\" \/>\n<meta property=\"article:modified_time\" content=\"2019-02-28T10:50:00+00:00\" \/>\n<meta name=\"twitter:card\" content=\"summary_large_image\" \/>\n<meta name=\"twitter:label1\" content=\"Gesch\u00e4tzte Lesezeit\" \/>\n\t<meta name=\"twitter:data1\" content=\"2\u00a0Minuten\" \/>\n<script type=\"application\/ld+json\" class=\"yoast-schema-graph\">{\"@context\":\"https:\/\/schema.org\",\"@graph\":[{\"@type\":\"WebPage\",\"@id\":\"https:\/\/www.switzerinox.ch\/de\/spez\/\",\"url\":\"https:\/\/www.switzerinox.ch\/de\/spez\/\",\"name\":\"SPEZ. - Switzerinox\",\"isPartOf\":{\"@id\":\"https:\/\/www.switzerinox.ch\/#website\"},\"datePublished\":\"2017-04-21T12:32:33+00:00\",\"dateModified\":\"2019-02-28T10:50:00+00:00\",\"breadcrumb\":{\"@id\":\"https:\/\/www.switzerinox.ch\/de\/spez\/#breadcrumb\"},\"inLanguage\":\"de\",\"potentialAction\":[{\"@type\":\"ReadAction\",\"target\":[\"https:\/\/www.switzerinox.ch\/de\/spez\/\"]}]},{\"@type\":\"BreadcrumbList\",\"@id\":\"https:\/\/www.switzerinox.ch\/de\/spez\/#breadcrumb\",\"itemListElement\":[{\"@type\":\"ListItem\",\"position\":1,\"name\":\"Accueil\",\"item\":\"https:\/\/www.switzerinox.ch\/de\/\"},{\"@type\":\"ListItem\",\"position\":2,\"name\":\"SPEZ.\"}]},{\"@type\":\"WebSite\",\"@id\":\"https:\/\/www.switzerinox.ch\/#website\",\"url\":\"https:\/\/www.switzerinox.ch\/\",\"name\":\"Switzerinox\",\"description\":\"Switzerinox\",\"potentialAction\":[{\"@type\":\"SearchAction\",\"target\":{\"@type\":\"EntryPoint\",\"urlTemplate\":\"https:\/\/www.switzerinox.ch\/?s={search_term_string}\"},\"query-input\":\"required name=search_term_string\"}],\"inLanguage\":\"de\"}]}<\/script>\n<!-- \/ Yoast SEO plugin. -->","yoast_head_json":{"title":"SPEZ. - Switzerinox","robots":{"index":"index","follow":"follow","max-snippet":"max-snippet:-1","max-image-preview":"max-image-preview:large","max-video-preview":"max-video-preview:-1"},"canonical":"https:\/\/www.switzerinox.ch\/de\/spez\/","og_locale":"de_DE","og_type":"article","og_title":"SPEZ. - Switzerinox","og_description":"SPEZIFIKATIONEN (SPEZ.) Ueberlebensmesser das\u00a0EXTREMROBUST\u00a0\u00ae Aufbau\u00a0:\u00a0Einteilig (Klinge und Griff aus einem und demselben\u00a0Stueck gemacht). Besonders stechende Klingen-Form\u00a0(Spitze von der\u00a0Klinge zentriert\u00a0auf den Griff).\u00a0Mehrzweck-Klingen-Schneide (zackig und geschliffen auf einer Seite der Kante von der Klingen-Basis zur\u00a0Haelfte der\u00a0Klingen-Laenge, und glatt\u00a0und\u00a0geschliffen\u00a0auf beiden Seiten der Kante von der Klingen-Spitze zur Haelfte der\u00a0Klingen-Laenge). Klingen-Ruecken mit gezinnter Daumen-Auflage. Griff mit zwei Loechern und mit Handschutz an der Klingen-Basis&hellip;","og_url":"https:\/\/www.switzerinox.ch\/de\/spez\/","og_site_name":"Switzerinox","article_modified_time":"2019-02-28T10:50:00+00:00","twitter_card":"summary_large_image","twitter_misc":{"Gesch\u00e4tzte Lesezeit":"2\u00a0Minuten"},"schema":{"@context":"https:\/\/schema.org","@graph":[{"@type":"WebPage","@id":"https:\/\/www.switzerinox.ch\/de\/spez\/","url":"https:\/\/www.switzerinox.ch\/de\/spez\/","name":"SPEZ. - Switzerinox","isPartOf":{"@id":"https:\/\/www.switzerinox.ch\/#website"},"datePublished":"2017-04-21T12:32:33+00:00","dateModified":"2019-02-28T10:50:00+00:00","breadcrumb":{"@id":"https:\/\/www.switzerinox.ch\/de\/spez\/#breadcrumb"},"inLanguage":"de","potentialAction":[{"@type":"ReadAction","target":["https:\/\/www.switzerinox.ch\/de\/spez\/"]}]},{"@type":"BreadcrumbList","@id":"https:\/\/www.switzerinox.ch\/de\/spez\/#breadcrumb","itemListElement":[{"@type":"ListItem","position":1,"name":"Accueil","item":"https:\/\/www.switzerinox.ch\/de\/"},{"@type":"ListItem","position":2,"name":"SPEZ."}]},{"@type":"WebSite","@id":"https:\/\/www.switzerinox.ch\/#website","url":"https:\/\/www.switzerinox.ch\/","name":"Switzerinox","description":"Switzerinox","potentialAction":[{"@type":"SearchAction","target":{"@type":"EntryPoint","urlTemplate":"https:\/\/www.switzerinox.ch\/?s={search_term_string}"},"query-input":"required name=search_term_string"}],"inLanguage":"de"}]}},"_links":{"self":[{"href":"https:\/\/www.switzerinox.ch\/de\/wp-json\/wp\/v2\/pages\/566"}],"collection":[{"href":"https:\/\/www.switzerinox.ch\/de\/wp-json\/wp\/v2\/pages"}],"about":[{"href":"https:\/\/www.switzerinox.ch\/de\/wp-json\/wp\/v2\/types\/page"}],"author":[{"embeddable":true,"href":"https:\/\/www.switzerinox.ch\/de\/wp-json\/wp\/v2\/users\/1"}],"replies":[{"embeddable":true,"href":"https:\/\/www.switzerinox.ch\/de\/wp-json\/wp\/v2\/comments?post=566"}],"version-history":[{"count":130,"href":"https:\/\/www.switzerinox.ch\/de\/wp-json\/wp\/v2\/pages\/566\/revisions"}],"predecessor-version":[{"id":2122,"href":"https:\/\/www.switzerinox.ch\/de\/wp-json\/wp\/v2\/pages\/566\/revisions\/2122"}],"wp:attachment":[{"href":"https:\/\/www.switzerinox.ch\/de\/wp-json\/wp\/v2\/media?parent=566"}],"curies":[{"name":"wp","href":"https:\/\/api.w.org\/{rel}","templated":true}]}}