{"id":568,"date":"2017-04-21T14:34:14","date_gmt":"2017-04-21T12:34:14","guid":{"rendered":"http:\/\/switzerinox.ch\/dev2017\/video\/"},"modified":"2018-02-09T15:22:30","modified_gmt":"2018-02-09T14:22:30","slug":"leist","status":"publish","type":"page","link":"https:\/\/www.switzerinox.ch\/de\/leist\/","title":{"rendered":"LEIST."},"content":{"rendered":"<p><strong><span style=\"font-size: 12pt;\">LEISTUNGEN (LEIST.)<br \/>\n<\/span><\/strong><\/p>\n<div class=\"video-clic\">\n<video src=\"https:\/\/www.switzerinox.ch\/wp-content\/uploads\/2017\/11\/Clip-performances-switzerinox.mp4\" width=\"560\" height=\"315\" type=\"video\/mp4\" preload=\"none\" poster=\"https:\/\/www.switzerinox.ch\/wp-content\/uploads\/2017\/04\/couvertureVideo-707x398.png\" controls=\"controls\" class=\" mediaelement\"><\/video>\n<\/div>\n<p><strong><span style=\"font-size: 10pt;\"><br \/>\nNB : Die Leistungen, da es sich um Beispiele von ungeeigneten Gebraeuchen (z. B. in ein Material haerter als Holz stechen oder\u00a0<\/span><\/strong><strong><span style=\"font-size: 10pt;\">in ein Material haerter als Holz schneiden) des Messers und Beispiele von unsachgemaessen Gebraeuchen (z. B. auf das Messer schlagen oder das Messer verbiegen) des Messers\u00a0<\/span><\/strong><strong><span style=\"font-size: 10pt;\">handelt, weisen einen rein indikativen Charakter auf.<\/span><\/strong><\/p>\n<p><span style=\"font-size: 10pt;\"><strong>Kein Schaden, der durch einen ungeeigneten Gebrauch\u00a0der Sache oder einen unsachgemaessen Gebrauch der Sache\u00a0entsteht, ist durch die Garantie gedeckt.\u00a0<\/strong><\/span><span style=\"font-size: 10pt;\"><strong>Kein Schaden, der\u00a0durch einen Verschleiss der Sache entsteht, ist durch die Garantie gedeckt.<br \/>\n<\/strong><\/span><span style=\"font-size: 10pt;\"><strong>Jeglicher Fabrikationsfehler, der der Sache\u00a0ihre Tauglichkeit zu dem vorausgesetzten Gebrauche aufhebt, ist durch die Garantie gedeckt.<\/strong>\u00a0<span style=\"font-size: 8pt; color: #ffffff;\">\u00fcberleben \u00fcberlebensmesser \u00fcberlebensspezialist \u00fcberlebenssituation messer uberleben uberlebensmesser uberlebensspezialist uberlebenssituation switzerinox extremrobust robustiom milit\u00e4r militar pfadfinder survival<\/span><\/span><\/p>\n","protected":false},"excerpt":{"rendered":"<p>LEISTUNGEN (LEIST.) NB : Die Leistungen, da es sich um Beispiele von ungeeigneten Gebraeuchen (z. B. in ein Material haerter als Holz stechen oder\u00a0in ein Material haerter als Holz schneiden) des Messers und Beispiele von unsachgemaessen Gebraeuchen (z. B. auf das Messer schlagen oder das Messer verbiegen) des Messers\u00a0handelt, weisen einen rein indikativen Charakter auf. Kein Schaden, der durch einen&hellip;<\/p>\n","protected":false},"author":1,"featured_media":0,"parent":0,"menu_order":0,"comment_status":"closed","ping_status":"closed","template":"","meta":[],"yoast_head":"<!-- This site is optimized with the Yoast SEO plugin v19.8 - https:\/\/yoast.com\/wordpress\/plugins\/seo\/ -->\n<title>LEIST. - Switzerinox<\/title>\n<meta name=\"robots\" content=\"index, follow, max-snippet:-1, max-image-preview:large, max-video-preview:-1\" \/>\n<link rel=\"canonical\" href=\"https:\/\/www.switzerinox.ch\/de\/leist\/\" \/>\n<meta property=\"og:locale\" content=\"de_DE\" \/>\n<meta property=\"og:type\" content=\"article\" \/>\n<meta property=\"og:title\" content=\"LEIST. - Switzerinox\" \/>\n<meta property=\"og:description\" content=\"LEISTUNGEN (LEIST.) NB : Die Leistungen, da es sich um Beispiele von ungeeigneten Gebraeuchen (z. B. in ein Material haerter als Holz stechen oder\u00a0in ein Material haerter als Holz schneiden) des Messers und Beispiele von unsachgemaessen Gebraeuchen (z. B. auf das Messer schlagen oder das Messer verbiegen) des Messers\u00a0handelt, weisen einen rein indikativen Charakter auf. Kein Schaden, der durch einen&hellip;\" \/>\n<meta property=\"og:url\" content=\"https:\/\/www.switzerinox.ch\/de\/leist\/\" \/>\n<meta property=\"og:site_name\" content=\"Switzerinox\" \/>\n<meta property=\"article:modified_time\" content=\"2018-02-09T14:22:30+00:00\" \/>\n<meta name=\"twitter:card\" content=\"summary_large_image\" \/>\n<meta name=\"twitter:label1\" content=\"Gesch\u00e4tzte Lesezeit\" \/>\n\t<meta name=\"twitter:data1\" content=\"1\u00a0Minute\" \/>\n<script type=\"application\/ld+json\" class=\"yoast-schema-graph\">{\"@context\":\"https:\/\/schema.org\",\"@graph\":[{\"@type\":\"WebPage\",\"@id\":\"https:\/\/www.switzerinox.ch\/de\/leist\/\",\"url\":\"https:\/\/www.switzerinox.ch\/de\/leist\/\",\"name\":\"LEIST. - Switzerinox\",\"isPartOf\":{\"@id\":\"https:\/\/www.switzerinox.ch\/#website\"},\"datePublished\":\"2017-04-21T12:34:14+00:00\",\"dateModified\":\"2018-02-09T14:22:30+00:00\",\"breadcrumb\":{\"@id\":\"https:\/\/www.switzerinox.ch\/de\/leist\/#breadcrumb\"},\"inLanguage\":\"de\",\"potentialAction\":[{\"@type\":\"ReadAction\",\"target\":[\"https:\/\/www.switzerinox.ch\/de\/leist\/\"]}]},{\"@type\":\"BreadcrumbList\",\"@id\":\"https:\/\/www.switzerinox.ch\/de\/leist\/#breadcrumb\",\"itemListElement\":[{\"@type\":\"ListItem\",\"position\":1,\"name\":\"Accueil\",\"item\":\"https:\/\/www.switzerinox.ch\/de\/\"},{\"@type\":\"ListItem\",\"position\":2,\"name\":\"LEIST.\"}]},{\"@type\":\"WebSite\",\"@id\":\"https:\/\/www.switzerinox.ch\/#website\",\"url\":\"https:\/\/www.switzerinox.ch\/\",\"name\":\"Switzerinox\",\"description\":\"Switzerinox\",\"potentialAction\":[{\"@type\":\"SearchAction\",\"target\":{\"@type\":\"EntryPoint\",\"urlTemplate\":\"https:\/\/www.switzerinox.ch\/?s={search_term_string}\"},\"query-input\":\"required name=search_term_string\"}],\"inLanguage\":\"de\"}]}<\/script>\n<!-- \/ Yoast SEO plugin. -->","yoast_head_json":{"title":"LEIST. - Switzerinox","robots":{"index":"index","follow":"follow","max-snippet":"max-snippet:-1","max-image-preview":"max-image-preview:large","max-video-preview":"max-video-preview:-1"},"canonical":"https:\/\/www.switzerinox.ch\/de\/leist\/","og_locale":"de_DE","og_type":"article","og_title":"LEIST. - Switzerinox","og_description":"LEISTUNGEN (LEIST.) NB : Die Leistungen, da es sich um Beispiele von ungeeigneten Gebraeuchen (z. B. in ein Material haerter als Holz stechen oder\u00a0in ein Material haerter als Holz schneiden) des Messers und Beispiele von unsachgemaessen Gebraeuchen (z. B. auf das Messer schlagen oder das Messer verbiegen) des Messers\u00a0handelt, weisen einen rein indikativen Charakter auf. Kein Schaden, der durch einen&hellip;","og_url":"https:\/\/www.switzerinox.ch\/de\/leist\/","og_site_name":"Switzerinox","article_modified_time":"2018-02-09T14:22:30+00:00","twitter_card":"summary_large_image","twitter_misc":{"Gesch\u00e4tzte Lesezeit":"1\u00a0Minute"},"schema":{"@context":"https:\/\/schema.org","@graph":[{"@type":"WebPage","@id":"https:\/\/www.switzerinox.ch\/de\/leist\/","url":"https:\/\/www.switzerinox.ch\/de\/leist\/","name":"LEIST. - Switzerinox","isPartOf":{"@id":"https:\/\/www.switzerinox.ch\/#website"},"datePublished":"2017-04-21T12:34:14+00:00","dateModified":"2018-02-09T14:22:30+00:00","breadcrumb":{"@id":"https:\/\/www.switzerinox.ch\/de\/leist\/#breadcrumb"},"inLanguage":"de","potentialAction":[{"@type":"ReadAction","target":["https:\/\/www.switzerinox.ch\/de\/leist\/"]}]},{"@type":"BreadcrumbList","@id":"https:\/\/www.switzerinox.ch\/de\/leist\/#breadcrumb","itemListElement":[{"@type":"ListItem","position":1,"name":"Accueil","item":"https:\/\/www.switzerinox.ch\/de\/"},{"@type":"ListItem","position":2,"name":"LEIST."}]},{"@type":"WebSite","@id":"https:\/\/www.switzerinox.ch\/#website","url":"https:\/\/www.switzerinox.ch\/","name":"Switzerinox","description":"Switzerinox","potentialAction":[{"@type":"SearchAction","target":{"@type":"EntryPoint","urlTemplate":"https:\/\/www.switzerinox.ch\/?s={search_term_string}"},"query-input":"required name=search_term_string"}],"inLanguage":"de"}]}},"_links":{"self":[{"href":"https:\/\/www.switzerinox.ch\/de\/wp-json\/wp\/v2\/pages\/568"}],"collection":[{"href":"https:\/\/www.switzerinox.ch\/de\/wp-json\/wp\/v2\/pages"}],"about":[{"href":"https:\/\/www.switzerinox.ch\/de\/wp-json\/wp\/v2\/types\/page"}],"author":[{"embeddable":true,"href":"https:\/\/www.switzerinox.ch\/de\/wp-json\/wp\/v2\/users\/1"}],"replies":[{"embeddable":true,"href":"https:\/\/www.switzerinox.ch\/de\/wp-json\/wp\/v2\/comments?post=568"}],"version-history":[{"count":30,"href":"https:\/\/www.switzerinox.ch\/de\/wp-json\/wp\/v2\/pages\/568\/revisions"}],"predecessor-version":[{"id":2106,"href":"https:\/\/www.switzerinox.ch\/de\/wp-json\/wp\/v2\/pages\/568\/revisions\/2106"}],"wp:attachment":[{"href":"https:\/\/www.switzerinox.ch\/de\/wp-json\/wp\/v2\/media?parent=568"}],"curies":[{"name":"wp","href":"https:\/\/api.w.org\/{rel}","templated":true}]}}