{"id":574,"date":"2017-04-21T14:35:47","date_gmt":"2017-04-21T12:35:47","guid":{"rendered":"http:\/\/switzerinox.ch\/dev2017\/commande\/"},"modified":"2018-02-09T15:20:42","modified_gmt":"2018-02-09T14:20:42","slug":"bestellen","status":"publish","type":"page","link":"https:\/\/www.switzerinox.ch\/de\/bestellen\/","title":{"rendered":"BESTELLEN"},"content":{"rendered":"<p style=\"text-align: left;\"><span style=\"font-size: 12pt;\"><strong>Elektronisches Online-Bestellformular<\/strong><\/span><\/p>\n<p style=\"text-align: left;\"><strong>Etappen eines Kaufes :<\/strong><\/p>\n<p style=\"text-align: left;\"><strong>\u25cf\u00a0<\/strong><strong><span style=\"font-size: 13.3333px;\">Fuellen Sie das Formular aus, validieren Sie das Fenster der<\/span><\/strong><strong><span style=\"font-size: 13.3333px;\">\u00a0A<\/span><\/strong><strong>llgemeine Geschaeftsbedingungen\u00a0<\/strong><strong><span style=\"font-size: 13.3333px;\">und das Fenster KAUFEN.<\/span><\/strong><\/p>\n<p style=\"text-align: left;\"><span style=\"font-size: 13.3333px;\"><em><strong>Die Sendebestaetigung des Formulars wird Ihnen per E-Mail zugesendet.<\/strong><\/em><\/span><\/p>\n<p style=\"text-align: left;\"><span style=\"font-size: 13.3333px;\"><em><strong>Die Pro-forma-Rechnung wird Ihnen per E-Mail zugesendet.<\/strong><\/em><\/span><\/p>\n<p style=\"text-align: left;\"><strong>\u25cf\u00a0<\/strong><strong><span style=\"font-size: 13.3333px;\">Die Ware (d. h. Messer, Scheide und Feuer-Starter) wird Ihnen nach Erhalt der Zahlung der Pro-forma-Rechnung zugesendet.<\/span><\/strong><\/p>\n<p><strong><span style=\"font-size: 13.3333px;\">NB : Es ist nur moeglich, mittels dem elektronischen Online-Bestellformular und gegen Vorkasse\u00a0zu\u00a0bestellen. Es ist nicht moeglich, die Ware in der Werkstatt abzuholen.<\/span><\/strong><span style=\"font-size: 13.3333px;\">\u00a0<\/span><span style=\"font-size: 13.3333px;\"><span style=\"font-size: 8pt; color: #ffffff;\">\u00fcberleben \u00fcberlebensmesser \u00fcberlebensspezialist \u00fcberlebenssituation messer uberleben uberlebensmesser uberlebensspezialist uberlebenssituation switzerinox extremrobust robustiom milit\u00e4r militar pfadfinder survival<\/span><\/span><\/p>\n","protected":false},"excerpt":{"rendered":"<p>Elektronisches Online-Bestellformular Etappen eines Kaufes : \u25cf\u00a0Fuellen Sie das Formular aus, validieren Sie das Fenster der\u00a0Allgemeine Geschaeftsbedingungen\u00a0und das Fenster KAUFEN. Die Sendebestaetigung des Formulars wird Ihnen per E-Mail zugesendet. Die Pro-forma-Rechnung wird Ihnen per E-Mail zugesendet. \u25cf\u00a0Die Ware (d. h. Messer, Scheide und Feuer-Starter) wird Ihnen nach Erhalt der Zahlung der Pro-forma-Rechnung zugesendet. NB : Es ist nur moeglich, mittels&hellip;<\/p>\n","protected":false},"author":1,"featured_media":0,"parent":0,"menu_order":0,"comment_status":"closed","ping_status":"closed","template":"templates\/commande.php","meta":[],"yoast_head":"<!-- This site is optimized with the Yoast SEO plugin v19.8 - https:\/\/yoast.com\/wordpress\/plugins\/seo\/ -->\n<title>BESTELLEN - Switzerinox<\/title>\n<meta name=\"robots\" content=\"index, follow, max-snippet:-1, max-image-preview:large, max-video-preview:-1\" \/>\n<link rel=\"canonical\" href=\"https:\/\/www.switzerinox.ch\/de\/bestellen\/\" \/>\n<meta property=\"og:locale\" content=\"de_DE\" \/>\n<meta property=\"og:type\" content=\"article\" \/>\n<meta property=\"og:title\" content=\"BESTELLEN - Switzerinox\" \/>\n<meta property=\"og:description\" content=\"Elektronisches Online-Bestellformular Etappen eines Kaufes : \u25cf\u00a0Fuellen Sie das Formular aus, validieren Sie das Fenster der\u00a0Allgemeine Geschaeftsbedingungen\u00a0und das Fenster KAUFEN. Die Sendebestaetigung des Formulars wird Ihnen per E-Mail zugesendet. Die Pro-forma-Rechnung wird Ihnen per E-Mail zugesendet. \u25cf\u00a0Die Ware (d. h. Messer, Scheide und Feuer-Starter) wird Ihnen nach Erhalt der Zahlung der Pro-forma-Rechnung zugesendet. NB : Es ist nur moeglich, mittels&hellip;\" \/>\n<meta property=\"og:url\" content=\"https:\/\/www.switzerinox.ch\/de\/bestellen\/\" \/>\n<meta property=\"og:site_name\" content=\"Switzerinox\" \/>\n<meta property=\"article:modified_time\" content=\"2018-02-09T14:20:42+00:00\" \/>\n<meta name=\"twitter:card\" content=\"summary_large_image\" \/>\n<script type=\"application\/ld+json\" class=\"yoast-schema-graph\">{\"@context\":\"https:\/\/schema.org\",\"@graph\":[{\"@type\":\"WebPage\",\"@id\":\"https:\/\/www.switzerinox.ch\/de\/bestellen\/\",\"url\":\"https:\/\/www.switzerinox.ch\/de\/bestellen\/\",\"name\":\"BESTELLEN - Switzerinox\",\"isPartOf\":{\"@id\":\"https:\/\/www.switzerinox.ch\/#website\"},\"datePublished\":\"2017-04-21T12:35:47+00:00\",\"dateModified\":\"2018-02-09T14:20:42+00:00\",\"breadcrumb\":{\"@id\":\"https:\/\/www.switzerinox.ch\/de\/bestellen\/#breadcrumb\"},\"inLanguage\":\"de\",\"potentialAction\":[{\"@type\":\"ReadAction\",\"target\":[\"https:\/\/www.switzerinox.ch\/de\/bestellen\/\"]}]},{\"@type\":\"BreadcrumbList\",\"@id\":\"https:\/\/www.switzerinox.ch\/de\/bestellen\/#breadcrumb\",\"itemListElement\":[{\"@type\":\"ListItem\",\"position\":1,\"name\":\"Accueil\",\"item\":\"https:\/\/www.switzerinox.ch\/de\/\"},{\"@type\":\"ListItem\",\"position\":2,\"name\":\"BESTELLEN\"}]},{\"@type\":\"WebSite\",\"@id\":\"https:\/\/www.switzerinox.ch\/#website\",\"url\":\"https:\/\/www.switzerinox.ch\/\",\"name\":\"Switzerinox\",\"description\":\"Switzerinox\",\"potentialAction\":[{\"@type\":\"SearchAction\",\"target\":{\"@type\":\"EntryPoint\",\"urlTemplate\":\"https:\/\/www.switzerinox.ch\/?s={search_term_string}\"},\"query-input\":\"required name=search_term_string\"}],\"inLanguage\":\"de\"}]}<\/script>\n<!-- \/ Yoast SEO plugin. -->","yoast_head_json":{"title":"BESTELLEN - Switzerinox","robots":{"index":"index","follow":"follow","max-snippet":"max-snippet:-1","max-image-preview":"max-image-preview:large","max-video-preview":"max-video-preview:-1"},"canonical":"https:\/\/www.switzerinox.ch\/de\/bestellen\/","og_locale":"de_DE","og_type":"article","og_title":"BESTELLEN - Switzerinox","og_description":"Elektronisches Online-Bestellformular Etappen eines Kaufes : \u25cf\u00a0Fuellen Sie das Formular aus, validieren Sie das Fenster der\u00a0Allgemeine Geschaeftsbedingungen\u00a0und das Fenster KAUFEN. Die Sendebestaetigung des Formulars wird Ihnen per E-Mail zugesendet. Die Pro-forma-Rechnung wird Ihnen per E-Mail zugesendet. \u25cf\u00a0Die Ware (d. h. Messer, Scheide und Feuer-Starter) wird Ihnen nach Erhalt der Zahlung der Pro-forma-Rechnung zugesendet. NB : Es ist nur moeglich, mittels&hellip;","og_url":"https:\/\/www.switzerinox.ch\/de\/bestellen\/","og_site_name":"Switzerinox","article_modified_time":"2018-02-09T14:20:42+00:00","twitter_card":"summary_large_image","schema":{"@context":"https:\/\/schema.org","@graph":[{"@type":"WebPage","@id":"https:\/\/www.switzerinox.ch\/de\/bestellen\/","url":"https:\/\/www.switzerinox.ch\/de\/bestellen\/","name":"BESTELLEN - Switzerinox","isPartOf":{"@id":"https:\/\/www.switzerinox.ch\/#website"},"datePublished":"2017-04-21T12:35:47+00:00","dateModified":"2018-02-09T14:20:42+00:00","breadcrumb":{"@id":"https:\/\/www.switzerinox.ch\/de\/bestellen\/#breadcrumb"},"inLanguage":"de","potentialAction":[{"@type":"ReadAction","target":["https:\/\/www.switzerinox.ch\/de\/bestellen\/"]}]},{"@type":"BreadcrumbList","@id":"https:\/\/www.switzerinox.ch\/de\/bestellen\/#breadcrumb","itemListElement":[{"@type":"ListItem","position":1,"name":"Accueil","item":"https:\/\/www.switzerinox.ch\/de\/"},{"@type":"ListItem","position":2,"name":"BESTELLEN"}]},{"@type":"WebSite","@id":"https:\/\/www.switzerinox.ch\/#website","url":"https:\/\/www.switzerinox.ch\/","name":"Switzerinox","description":"Switzerinox","potentialAction":[{"@type":"SearchAction","target":{"@type":"EntryPoint","urlTemplate":"https:\/\/www.switzerinox.ch\/?s={search_term_string}"},"query-input":"required name=search_term_string"}],"inLanguage":"de"}]}},"_links":{"self":[{"href":"https:\/\/www.switzerinox.ch\/de\/wp-json\/wp\/v2\/pages\/574"}],"collection":[{"href":"https:\/\/www.switzerinox.ch\/de\/wp-json\/wp\/v2\/pages"}],"about":[{"href":"https:\/\/www.switzerinox.ch\/de\/wp-json\/wp\/v2\/types\/page"}],"author":[{"embeddable":true,"href":"https:\/\/www.switzerinox.ch\/de\/wp-json\/wp\/v2\/users\/1"}],"replies":[{"embeddable":true,"href":"https:\/\/www.switzerinox.ch\/de\/wp-json\/wp\/v2\/comments?post=574"}],"version-history":[{"count":51,"href":"https:\/\/www.switzerinox.ch\/de\/wp-json\/wp\/v2\/pages\/574\/revisions"}],"predecessor-version":[{"id":2105,"href":"https:\/\/www.switzerinox.ch\/de\/wp-json\/wp\/v2\/pages\/574\/revisions\/2105"}],"wp:attachment":[{"href":"https:\/\/www.switzerinox.ch\/de\/wp-json\/wp\/v2\/media?parent=574"}],"curies":[{"name":"wp","href":"https:\/\/api.w.org\/{rel}","templated":true}]}}