{"id":576,"date":"2017-04-21T14:40:56","date_gmt":"2017-04-21T12:40:56","guid":{"rendered":"http:\/\/switzerinox.ch\/dev2017\/caracteristiques\/"},"modified":"2018-02-09T15:13:36","modified_gmt":"2018-02-09T14:13:36","slug":"schweizerisches-recht","status":"publish","type":"page","link":"https:\/\/www.switzerinox.ch\/de\/schweizerisches-recht\/","title":{"rendered":"SCHWEIZERISCHES RECHT"},"content":{"rendered":"<p><strong><span style=\"font-size: 12pt;\">SCHWEIZERISCHES RECHT<\/span><\/strong><\/p>\n<p><span style=\"font-size: 10pt;\"><strong>Das Ueberlebensmesser das<\/strong><strong>\u00a0<span style=\"color: #000000;\">EXTREM<em>ROBUST\u00a0<\/em><sup>\u00ae<\/sup><\/span><\/strong><sup>\u00a0<\/sup><strong>ist<\/strong><strong>\u00a0<\/strong><strong>nicht als eine Waffe betrachtet.<\/strong><\/span><\/p>\n<p><span style=\"font-size: 10pt;\"><strong>Dennoch ist es als ein\u00a0gef\u00e4hrlicher Gegenstand betrachtet.<br \/>\n&#8222;Als gef\u00e4hrliche Gegenst\u00e4nde gelten Gegenst\u00e4nde wie Werkzeuge, Haushalt- und Sportger\u00e4te, die sich zur Bedrohung oder Verletzung von Menschen eignen.&#8220;<\/strong><\/span><\/p>\n<p><span style=\"font-size: 10pt;\"><strong><strong style=\"font-size: 10pt;\">Das <\/strong><\/strong><\/span><strong>missbr\u00e4uchliche\u00a0<\/strong><span style=\"font-size: 10pt;\"><strong><strong style=\"font-size: 10pt;\">Tragen gef\u00e4hrlicher Gegenst\u00e4nde an \u00f6ffentlich zug\u00e4nglichen Orten und das <\/strong><\/strong><\/span><strong>missbr\u00e4uchliche\u00a0<\/strong><span style=\"font-size: 10pt;\"><strong><strong style=\"font-size: 10pt;\">Mitf\u00fchren gef\u00e4hrlicher Gegenst\u00e4nde in Fahrzeugen ist verboten.<br \/>\n<\/strong><\/strong><\/span><strong style=\"font-size: 10pt;\">&#8222;Das Tragen gef\u00e4hrlicher Gegenst\u00e4nde an \u00f6ffentlich zug\u00e4nglichen Orten und das Mitf\u00fchren solcher Gegenst\u00e4nde in Fahrzeugen ist verboten, wenn :<br \/>\n<\/strong><span style=\"font-size: 10pt;\"><strong>&#8211; nicht glaubhaft gemacht werden kann, dass dies durch die bestimmungsgem\u00e4sse Verwendung oder Wartung der Gegenst\u00e4nde gerechtfertigt ist; und<br \/>\n<\/strong><strong>&#8211; der Eindruck erweckt wird, dass die Gegenst\u00e4nde missbr\u00e4uchlich eingesetzt werden sollen, insbesondere um damit Personen einzusch\u00fcchtern, zu bedrohen oder zu verletzen.&#8220;<\/strong><\/span><\/p>\n<p><strong><span style=\"font-size: 12pt;\">Meinung<\/span><br \/>\n<span style=\"font-size: 10pt;\"><em>Die Beh\u00f6rde misstraut besonders Personen, die :<br \/>\n&#8211;\u00a0zur Annahme Anlass geben, dass sie sich selbst oder Dritte mit dem\u00a0<strong style=\"font-size: 10pt;\">gef\u00e4hrlichen Gegenstand<\/strong>\u00a0gef\u00e4hrden;<br \/>\n&#8211;\u00a0wegen einer Handlung, die eine gewaltt\u00e4tige oder gemeingef\u00e4hrliche Gesinnung bekundet, oder wegen wiederholt begangener Verbrechen oder Vergehen der Beh\u00f6rde bekannt sind.\u00a0<\/em><\/span><\/strong><span style=\"font-size: 10pt;\"><span style=\"font-size: 8pt; color: #ffffff;\">\u00fcberleben \u00fcberlebensmesser \u00fcberlebensspezialist \u00fcberlebenssituation messer uberleben uberlebensmesser uberlebensspezialist uberlebenssituation switzerinox extremrobust robustiom milit\u00e4r militar pfadfinder survival<\/span><\/span><\/p>\n","protected":false},"excerpt":{"rendered":"<p>SCHWEIZERISCHES RECHT Das Ueberlebensmesser das\u00a0EXTREMROBUST\u00a0\u00ae\u00a0ist\u00a0nicht als eine Waffe betrachtet. Dennoch ist es als ein\u00a0gef\u00e4hrlicher Gegenstand betrachtet. &#8222;Als gef\u00e4hrliche Gegenst\u00e4nde gelten Gegenst\u00e4nde wie Werkzeuge, Haushalt- und Sportger\u00e4te, die sich zur Bedrohung oder Verletzung von Menschen eignen.&#8220; Das missbr\u00e4uchliche\u00a0Tragen gef\u00e4hrlicher Gegenst\u00e4nde an \u00f6ffentlich zug\u00e4nglichen Orten und das missbr\u00e4uchliche\u00a0Mitf\u00fchren gef\u00e4hrlicher Gegenst\u00e4nde in Fahrzeugen ist verboten. &#8222;Das Tragen gef\u00e4hrlicher Gegenst\u00e4nde an \u00f6ffentlich zug\u00e4nglichen Orten&hellip;<\/p>\n","protected":false},"author":1,"featured_media":0,"parent":0,"menu_order":0,"comment_status":"closed","ping_status":"closed","template":"","meta":[],"yoast_head":"<!-- This site is optimized with the Yoast SEO plugin v19.8 - https:\/\/yoast.com\/wordpress\/plugins\/seo\/ -->\n<title>SCHWEIZERISCHES RECHT - Switzerinox<\/title>\n<meta name=\"robots\" content=\"index, follow, max-snippet:-1, max-image-preview:large, max-video-preview:-1\" \/>\n<link rel=\"canonical\" href=\"https:\/\/www.switzerinox.ch\/de\/schweizerisches-recht\/\" \/>\n<meta property=\"og:locale\" content=\"de_DE\" \/>\n<meta property=\"og:type\" content=\"article\" \/>\n<meta property=\"og:title\" content=\"SCHWEIZERISCHES RECHT - Switzerinox\" \/>\n<meta property=\"og:description\" content=\"SCHWEIZERISCHES RECHT Das Ueberlebensmesser das\u00a0EXTREMROBUST\u00a0\u00ae\u00a0ist\u00a0nicht als eine Waffe betrachtet. Dennoch ist es als ein\u00a0gef\u00e4hrlicher Gegenstand betrachtet. &#8222;Als gef\u00e4hrliche Gegenst\u00e4nde gelten Gegenst\u00e4nde wie Werkzeuge, Haushalt- und Sportger\u00e4te, die sich zur Bedrohung oder Verletzung von Menschen eignen.&#8220; Das missbr\u00e4uchliche\u00a0Tragen gef\u00e4hrlicher Gegenst\u00e4nde an \u00f6ffentlich zug\u00e4nglichen Orten und das missbr\u00e4uchliche\u00a0Mitf\u00fchren gef\u00e4hrlicher Gegenst\u00e4nde in Fahrzeugen ist verboten. &#8222;Das Tragen gef\u00e4hrlicher Gegenst\u00e4nde an \u00f6ffentlich zug\u00e4nglichen Orten&hellip;\" \/>\n<meta property=\"og:url\" content=\"https:\/\/www.switzerinox.ch\/de\/schweizerisches-recht\/\" \/>\n<meta property=\"og:site_name\" content=\"Switzerinox\" \/>\n<meta property=\"article:modified_time\" content=\"2018-02-09T14:13:36+00:00\" \/>\n<meta name=\"twitter:card\" content=\"summary_large_image\" \/>\n<meta name=\"twitter:label1\" content=\"Gesch\u00e4tzte Lesezeit\" \/>\n\t<meta name=\"twitter:data1\" content=\"1\u00a0Minute\" \/>\n<script type=\"application\/ld+json\" class=\"yoast-schema-graph\">{\"@context\":\"https:\/\/schema.org\",\"@graph\":[{\"@type\":\"WebPage\",\"@id\":\"https:\/\/www.switzerinox.ch\/de\/schweizerisches-recht\/\",\"url\":\"https:\/\/www.switzerinox.ch\/de\/schweizerisches-recht\/\",\"name\":\"SCHWEIZERISCHES RECHT - Switzerinox\",\"isPartOf\":{\"@id\":\"https:\/\/www.switzerinox.ch\/#website\"},\"datePublished\":\"2017-04-21T12:40:56+00:00\",\"dateModified\":\"2018-02-09T14:13:36+00:00\",\"breadcrumb\":{\"@id\":\"https:\/\/www.switzerinox.ch\/de\/schweizerisches-recht\/#breadcrumb\"},\"inLanguage\":\"de\",\"potentialAction\":[{\"@type\":\"ReadAction\",\"target\":[\"https:\/\/www.switzerinox.ch\/de\/schweizerisches-recht\/\"]}]},{\"@type\":\"BreadcrumbList\",\"@id\":\"https:\/\/www.switzerinox.ch\/de\/schweizerisches-recht\/#breadcrumb\",\"itemListElement\":[{\"@type\":\"ListItem\",\"position\":1,\"name\":\"Accueil\",\"item\":\"https:\/\/www.switzerinox.ch\/de\/\"},{\"@type\":\"ListItem\",\"position\":2,\"name\":\"SCHWEIZERISCHES RECHT\"}]},{\"@type\":\"WebSite\",\"@id\":\"https:\/\/www.switzerinox.ch\/#website\",\"url\":\"https:\/\/www.switzerinox.ch\/\",\"name\":\"Switzerinox\",\"description\":\"Switzerinox\",\"potentialAction\":[{\"@type\":\"SearchAction\",\"target\":{\"@type\":\"EntryPoint\",\"urlTemplate\":\"https:\/\/www.switzerinox.ch\/?s={search_term_string}\"},\"query-input\":\"required name=search_term_string\"}],\"inLanguage\":\"de\"}]}<\/script>\n<!-- \/ Yoast SEO plugin. -->","yoast_head_json":{"title":"SCHWEIZERISCHES RECHT - Switzerinox","robots":{"index":"index","follow":"follow","max-snippet":"max-snippet:-1","max-image-preview":"max-image-preview:large","max-video-preview":"max-video-preview:-1"},"canonical":"https:\/\/www.switzerinox.ch\/de\/schweizerisches-recht\/","og_locale":"de_DE","og_type":"article","og_title":"SCHWEIZERISCHES RECHT - Switzerinox","og_description":"SCHWEIZERISCHES RECHT Das Ueberlebensmesser das\u00a0EXTREMROBUST\u00a0\u00ae\u00a0ist\u00a0nicht als eine Waffe betrachtet. Dennoch ist es als ein\u00a0gef\u00e4hrlicher Gegenstand betrachtet. &#8222;Als gef\u00e4hrliche Gegenst\u00e4nde gelten Gegenst\u00e4nde wie Werkzeuge, Haushalt- und Sportger\u00e4te, die sich zur Bedrohung oder Verletzung von Menschen eignen.&#8220; Das missbr\u00e4uchliche\u00a0Tragen gef\u00e4hrlicher Gegenst\u00e4nde an \u00f6ffentlich zug\u00e4nglichen Orten und das missbr\u00e4uchliche\u00a0Mitf\u00fchren gef\u00e4hrlicher Gegenst\u00e4nde in Fahrzeugen ist verboten. &#8222;Das Tragen gef\u00e4hrlicher Gegenst\u00e4nde an \u00f6ffentlich zug\u00e4nglichen Orten&hellip;","og_url":"https:\/\/www.switzerinox.ch\/de\/schweizerisches-recht\/","og_site_name":"Switzerinox","article_modified_time":"2018-02-09T14:13:36+00:00","twitter_card":"summary_large_image","twitter_misc":{"Gesch\u00e4tzte Lesezeit":"1\u00a0Minute"},"schema":{"@context":"https:\/\/schema.org","@graph":[{"@type":"WebPage","@id":"https:\/\/www.switzerinox.ch\/de\/schweizerisches-recht\/","url":"https:\/\/www.switzerinox.ch\/de\/schweizerisches-recht\/","name":"SCHWEIZERISCHES RECHT - Switzerinox","isPartOf":{"@id":"https:\/\/www.switzerinox.ch\/#website"},"datePublished":"2017-04-21T12:40:56+00:00","dateModified":"2018-02-09T14:13:36+00:00","breadcrumb":{"@id":"https:\/\/www.switzerinox.ch\/de\/schweizerisches-recht\/#breadcrumb"},"inLanguage":"de","potentialAction":[{"@type":"ReadAction","target":["https:\/\/www.switzerinox.ch\/de\/schweizerisches-recht\/"]}]},{"@type":"BreadcrumbList","@id":"https:\/\/www.switzerinox.ch\/de\/schweizerisches-recht\/#breadcrumb","itemListElement":[{"@type":"ListItem","position":1,"name":"Accueil","item":"https:\/\/www.switzerinox.ch\/de\/"},{"@type":"ListItem","position":2,"name":"SCHWEIZERISCHES RECHT"}]},{"@type":"WebSite","@id":"https:\/\/www.switzerinox.ch\/#website","url":"https:\/\/www.switzerinox.ch\/","name":"Switzerinox","description":"Switzerinox","potentialAction":[{"@type":"SearchAction","target":{"@type":"EntryPoint","urlTemplate":"https:\/\/www.switzerinox.ch\/?s={search_term_string}"},"query-input":"required name=search_term_string"}],"inLanguage":"de"}]}},"_links":{"self":[{"href":"https:\/\/www.switzerinox.ch\/de\/wp-json\/wp\/v2\/pages\/576"}],"collection":[{"href":"https:\/\/www.switzerinox.ch\/de\/wp-json\/wp\/v2\/pages"}],"about":[{"href":"https:\/\/www.switzerinox.ch\/de\/wp-json\/wp\/v2\/types\/page"}],"author":[{"embeddable":true,"href":"https:\/\/www.switzerinox.ch\/de\/wp-json\/wp\/v2\/users\/1"}],"replies":[{"embeddable":true,"href":"https:\/\/www.switzerinox.ch\/de\/wp-json\/wp\/v2\/comments?post=576"}],"version-history":[{"count":39,"href":"https:\/\/www.switzerinox.ch\/de\/wp-json\/wp\/v2\/pages\/576\/revisions"}],"predecessor-version":[{"id":2101,"href":"https:\/\/www.switzerinox.ch\/de\/wp-json\/wp\/v2\/pages\/576\/revisions\/2101"}],"wp:attachment":[{"href":"https:\/\/www.switzerinox.ch\/de\/wp-json\/wp\/v2\/media?parent=576"}],"curies":[{"name":"wp","href":"https:\/\/api.w.org\/{rel}","templated":true}]}}