{"id":937,"date":"2017-06-28T12:03:58","date_gmt":"2017-06-28T10:03:58","guid":{"rendered":"http:\/\/switzerinox.ch\/dev2017\/?page_id=937\/"},"modified":"2018-02-09T15:18:08","modified_gmt":"2018-02-09T14:18:08","slug":"hinweise","status":"publish","type":"page","link":"https:\/\/www.switzerinox.ch\/de\/hinweise\/","title":{"rendered":"HINWEISE"},"content":{"rendered":"<p><strong><span style=\"font-size: 12pt;\">HINWEISE<\/span><\/strong><\/p>\n<p><span style=\"font-size: 12pt;\"><strong>Ueberlebenssituation<br \/>\n<\/strong><\/span><strong>Verletzung\u00a0mit aeusserer Blutung :<\/strong><span style=\"font-size: 12pt;\"><strong><span style=\"font-size: 10pt;\">\u00a0Auf die Verletzung druecken. Ein Druckverband\u00a0(Kompresse\u00a0und Binde\u00a0aus\u00a0z. B.\u00a0Stoff) anwenden. Auf den Druckverband druecken, wenn der Druckverband ungenuegend ist, um eine Blutung zu stoppen. Eine\u00a0<span style=\"font-size: 13.3333px;\">Abschnuer-Binde\u00a0(Tourniquet aus\u00a0z. B.\u00a0Stoff und\/oder\u00a0Schnuersenkel)<\/span><em style=\"font-size: 10pt;\">\u00a0<\/em>anwenden, wenn druecken auf den Druckverband ungenuegend ist, um\u00a0eine Blutung am Arm oder am Bein zu stoppen.<br \/>\n<\/span><\/strong><\/span><strong>Hohe Temperatur :<span style=\"font-size: 10pt;\">\u00a0Eine Kopfbedeckung herstellen (Hut aus z. B. Stoff und\/oder Gewaechs). Einen Schutz (Isolieren inbegriffen) bauen.<\/span><br \/>\nTiefe\u00a0Temperatur :<span style=\"font-size: 10pt;\"> Ein Feuer machen (mit z. B. einem Feuer-Starter, einem Feuerzeug, einem Streichholz oder einer Friktion Holz\u00a0an Holz). Einen Schutz (Isolieren\u00a0inbegriffen) bauen.<\/span><br \/>\nDurst :<span style=\"font-size: 10pt;\">\u00a0Fluessigkeit (z. B. aus einem gegrabenen Loch neben einer Wasserstelle geschoepftes Wasser, Kondenswasser von gesiedetem Salzwasser, Regen, Tau, Tier-Blut oder Urin) sammeln.<\/span><br \/>\nHunger :<span style=\"font-size: 10pt;\">\u00a0Ein Gewaechs pfluecken. Ein Tier (mit z. B. einem Stein, einer Lanze oder einem Pfeil) jagen. Ein Tier (mit z. B. einem Loch oder einer Schnur) fangen. Ein Tier (mit z. B. einem Stein, einer Lanze, einem Pfeil oder einer Harpune) fischen.<\/span><\/strong><\/p>\n<p><span style=\"font-size: 10pt;\"><strong>NB : Vorgesehene Hinweise fuer eine Ueberlebenssituation, wo man allein ist.\u00a0<\/strong><span style=\"font-size: 8pt; color: #ffffff;\">\u00fcberleben \u00fcberlebensmesser \u00fcberlebensspezialist \u00fcberlebenssituation messer uberleben uberlebensmesser uberlebensspezialist uberlebenssituation switzerinox extremrobust robustiom milit\u00e4r militar pfadfinder survival<\/span><\/span><\/p>\n","protected":false},"excerpt":{"rendered":"<p>HINWEISE Ueberlebenssituation Verletzung\u00a0mit aeusserer Blutung :\u00a0Auf die Verletzung druecken. Ein Druckverband\u00a0(Kompresse\u00a0und Binde\u00a0aus\u00a0z. B.\u00a0Stoff) anwenden. Auf den Druckverband druecken, wenn der Druckverband ungenuegend ist, um eine Blutung zu stoppen. Eine\u00a0Abschnuer-Binde\u00a0(Tourniquet aus\u00a0z. B.\u00a0Stoff und\/oder\u00a0Schnuersenkel)\u00a0anwenden, wenn druecken auf den Druckverband ungenuegend ist, um\u00a0eine Blutung am Arm oder am Bein zu stoppen. Hohe Temperatur :\u00a0Eine Kopfbedeckung herstellen (Hut aus z. B. Stoff und\/oder Gewaechs).&hellip;<\/p>\n","protected":false},"author":1,"featured_media":0,"parent":0,"menu_order":0,"comment_status":"closed","ping_status":"closed","template":"","meta":[],"yoast_head":"<!-- This site is optimized with the Yoast SEO plugin v19.8 - https:\/\/yoast.com\/wordpress\/plugins\/seo\/ -->\n<title>HINWEISE - Switzerinox<\/title>\n<meta name=\"robots\" content=\"index, follow, max-snippet:-1, max-image-preview:large, max-video-preview:-1\" \/>\n<link rel=\"canonical\" href=\"https:\/\/www.switzerinox.ch\/de\/hinweise\/\" \/>\n<meta property=\"og:locale\" content=\"de_DE\" \/>\n<meta property=\"og:type\" content=\"article\" \/>\n<meta property=\"og:title\" content=\"HINWEISE - Switzerinox\" \/>\n<meta property=\"og:description\" content=\"HINWEISE Ueberlebenssituation Verletzung\u00a0mit aeusserer Blutung :\u00a0Auf die Verletzung druecken. Ein Druckverband\u00a0(Kompresse\u00a0und Binde\u00a0aus\u00a0z. B.\u00a0Stoff) anwenden. Auf den Druckverband druecken, wenn der Druckverband ungenuegend ist, um eine Blutung zu stoppen. Eine\u00a0Abschnuer-Binde\u00a0(Tourniquet aus\u00a0z. B.\u00a0Stoff und\/oder\u00a0Schnuersenkel)\u00a0anwenden, wenn druecken auf den Druckverband ungenuegend ist, um\u00a0eine Blutung am Arm oder am Bein zu stoppen. Hohe Temperatur :\u00a0Eine Kopfbedeckung herstellen (Hut aus z. B. Stoff und\/oder Gewaechs).&hellip;\" \/>\n<meta property=\"og:url\" content=\"https:\/\/www.switzerinox.ch\/de\/hinweise\/\" \/>\n<meta property=\"og:site_name\" content=\"Switzerinox\" \/>\n<meta property=\"article:modified_time\" content=\"2018-02-09T14:18:08+00:00\" \/>\n<meta name=\"twitter:card\" content=\"summary_large_image\" \/>\n<meta name=\"twitter:label1\" content=\"Gesch\u00e4tzte Lesezeit\" \/>\n\t<meta name=\"twitter:data1\" content=\"1\u00a0Minute\" \/>\n<script type=\"application\/ld+json\" class=\"yoast-schema-graph\">{\"@context\":\"https:\/\/schema.org\",\"@graph\":[{\"@type\":\"WebPage\",\"@id\":\"https:\/\/www.switzerinox.ch\/de\/hinweise\/\",\"url\":\"https:\/\/www.switzerinox.ch\/de\/hinweise\/\",\"name\":\"HINWEISE - Switzerinox\",\"isPartOf\":{\"@id\":\"https:\/\/www.switzerinox.ch\/#website\"},\"datePublished\":\"2017-06-28T10:03:58+00:00\",\"dateModified\":\"2018-02-09T14:18:08+00:00\",\"breadcrumb\":{\"@id\":\"https:\/\/www.switzerinox.ch\/de\/hinweise\/#breadcrumb\"},\"inLanguage\":\"de\",\"potentialAction\":[{\"@type\":\"ReadAction\",\"target\":[\"https:\/\/www.switzerinox.ch\/de\/hinweise\/\"]}]},{\"@type\":\"BreadcrumbList\",\"@id\":\"https:\/\/www.switzerinox.ch\/de\/hinweise\/#breadcrumb\",\"itemListElement\":[{\"@type\":\"ListItem\",\"position\":1,\"name\":\"Accueil\",\"item\":\"https:\/\/www.switzerinox.ch\/de\/\"},{\"@type\":\"ListItem\",\"position\":2,\"name\":\"HINWEISE\"}]},{\"@type\":\"WebSite\",\"@id\":\"https:\/\/www.switzerinox.ch\/#website\",\"url\":\"https:\/\/www.switzerinox.ch\/\",\"name\":\"Switzerinox\",\"description\":\"Switzerinox\",\"potentialAction\":[{\"@type\":\"SearchAction\",\"target\":{\"@type\":\"EntryPoint\",\"urlTemplate\":\"https:\/\/www.switzerinox.ch\/?s={search_term_string}\"},\"query-input\":\"required name=search_term_string\"}],\"inLanguage\":\"de\"}]}<\/script>\n<!-- \/ Yoast SEO plugin. -->","yoast_head_json":{"title":"HINWEISE - Switzerinox","robots":{"index":"index","follow":"follow","max-snippet":"max-snippet:-1","max-image-preview":"max-image-preview:large","max-video-preview":"max-video-preview:-1"},"canonical":"https:\/\/www.switzerinox.ch\/de\/hinweise\/","og_locale":"de_DE","og_type":"article","og_title":"HINWEISE - Switzerinox","og_description":"HINWEISE Ueberlebenssituation Verletzung\u00a0mit aeusserer Blutung :\u00a0Auf die Verletzung druecken. Ein Druckverband\u00a0(Kompresse\u00a0und Binde\u00a0aus\u00a0z. B.\u00a0Stoff) anwenden. Auf den Druckverband druecken, wenn der Druckverband ungenuegend ist, um eine Blutung zu stoppen. Eine\u00a0Abschnuer-Binde\u00a0(Tourniquet aus\u00a0z. B.\u00a0Stoff und\/oder\u00a0Schnuersenkel)\u00a0anwenden, wenn druecken auf den Druckverband ungenuegend ist, um\u00a0eine Blutung am Arm oder am Bein zu stoppen. Hohe Temperatur :\u00a0Eine Kopfbedeckung herstellen (Hut aus z. B. Stoff und\/oder Gewaechs).&hellip;","og_url":"https:\/\/www.switzerinox.ch\/de\/hinweise\/","og_site_name":"Switzerinox","article_modified_time":"2018-02-09T14:18:08+00:00","twitter_card":"summary_large_image","twitter_misc":{"Gesch\u00e4tzte Lesezeit":"1\u00a0Minute"},"schema":{"@context":"https:\/\/schema.org","@graph":[{"@type":"WebPage","@id":"https:\/\/www.switzerinox.ch\/de\/hinweise\/","url":"https:\/\/www.switzerinox.ch\/de\/hinweise\/","name":"HINWEISE - Switzerinox","isPartOf":{"@id":"https:\/\/www.switzerinox.ch\/#website"},"datePublished":"2017-06-28T10:03:58+00:00","dateModified":"2018-02-09T14:18:08+00:00","breadcrumb":{"@id":"https:\/\/www.switzerinox.ch\/de\/hinweise\/#breadcrumb"},"inLanguage":"de","potentialAction":[{"@type":"ReadAction","target":["https:\/\/www.switzerinox.ch\/de\/hinweise\/"]}]},{"@type":"BreadcrumbList","@id":"https:\/\/www.switzerinox.ch\/de\/hinweise\/#breadcrumb","itemListElement":[{"@type":"ListItem","position":1,"name":"Accueil","item":"https:\/\/www.switzerinox.ch\/de\/"},{"@type":"ListItem","position":2,"name":"HINWEISE"}]},{"@type":"WebSite","@id":"https:\/\/www.switzerinox.ch\/#website","url":"https:\/\/www.switzerinox.ch\/","name":"Switzerinox","description":"Switzerinox","potentialAction":[{"@type":"SearchAction","target":{"@type":"EntryPoint","urlTemplate":"https:\/\/www.switzerinox.ch\/?s={search_term_string}"},"query-input":"required name=search_term_string"}],"inLanguage":"de"}]}},"_links":{"self":[{"href":"https:\/\/www.switzerinox.ch\/de\/wp-json\/wp\/v2\/pages\/937"}],"collection":[{"href":"https:\/\/www.switzerinox.ch\/de\/wp-json\/wp\/v2\/pages"}],"about":[{"href":"https:\/\/www.switzerinox.ch\/de\/wp-json\/wp\/v2\/types\/page"}],"author":[{"embeddable":true,"href":"https:\/\/www.switzerinox.ch\/de\/wp-json\/wp\/v2\/users\/1"}],"replies":[{"embeddable":true,"href":"https:\/\/www.switzerinox.ch\/de\/wp-json\/wp\/v2\/comments?post=937"}],"version-history":[{"count":66,"href":"https:\/\/www.switzerinox.ch\/de\/wp-json\/wp\/v2\/pages\/937\/revisions"}],"predecessor-version":[{"id":2104,"href":"https:\/\/www.switzerinox.ch\/de\/wp-json\/wp\/v2\/pages\/937\/revisions\/2104"}],"wp:attachment":[{"href":"https:\/\/www.switzerinox.ch\/de\/wp-json\/wp\/v2\/media?parent=937"}],"curies":[{"name":"wp","href":"https:\/\/api.w.org\/{rel}","templated":true}]}}