{"id":942,"date":"2017-04-25T09:02:49","date_gmt":"2017-04-25T07:02:49","guid":{"rendered":"http:\/\/switzerinox.ch\/dev2017\/mentions-legales\/"},"modified":"2018-02-09T15:14:35","modified_gmt":"2018-02-09T14:14:35","slug":"impressum","status":"publish","type":"page","link":"https:\/\/www.switzerinox.ch\/de\/impressum\/","title":{"rendered":"IMPRESSUM"},"content":{"rendered":"<p><strong><span style=\"font-size: 12pt;\">IMPRESSUM<\/span><\/strong><\/p>\n<p><span style=\"font-size: 10pt;\"><strong>solutionconcept.ch S\u00e0rl (GmbH)<br \/>\nWerkstatt\u00a0Switzerinox.ch<br \/>\nRoute de Gen\u00e8ve 38<br \/>\n1033 Cheseaux-sur-Lausanne<br \/>\nSchweiz<br \/>\nT +41 (0)21 731 94 80<br \/>\nMO bis FR von 8:15 bis 11:30 und von 13:30 bis 17:30<br \/>\n<\/strong><\/span><\/p>\n<p><span style=\"font-size: 10pt;\"><strong>NB : <\/strong><\/span><span style=\"font-size: 12pt;\"><strong><span style=\"font-size: 10pt;\">Das Ueberlebensmesser das\u00a0<\/span><\/strong><\/span><span style=\"font-size: 10pt;\"><span style=\"color: #000000;\"><b>EXTREM<\/b><em><b>ROBUST<\/b>\u00a0<\/em><\/span><\/span><span style=\"color: #000000;\"><sup><strong>\u00ae\u00a0<\/strong><\/sup><\/span><span style=\"font-size: 12pt;\"><strong><span style=\"font-size: 10pt;\">ist nur bei uns erhaeltlich.<br \/>\n<\/span><\/strong><\/span><span style=\"font-size: 10pt;\"><strong><span style=\"font-size: 13.3333px;\">Es ist nur moeglich, mittels dem elektronischen Online-Bestellformular und gegen Vorkasse\u00a0zu\u00a0bestellen.<\/span><br \/>\nEs ist nicht moeglich, die Ware in der Werkstatt abzuholen.\u00a0<\/strong><span style=\"font-size: 8pt; color: #ffffff;\">\u00fcberleben \u00fcberlebensmesser \u00fcberlebensspezialist \u00fcberlebenssituation messer uberleben uberlebensmesser uberlebensspezialist uberlebenssituation switzerinox extremrobust robustiom milit\u00e4r militar pfadfinder survival<\/span><\/span><\/p>\n","protected":false},"excerpt":{"rendered":"<p>IMPRESSUM solutionconcept.ch S\u00e0rl (GmbH) Werkstatt\u00a0Switzerinox.ch Route de Gen\u00e8ve 38 1033 Cheseaux-sur-Lausanne Schweiz T +41 (0)21 731 94 80 MO bis FR von 8:15 bis 11:30 und von 13:30 bis 17:30 NB : Das Ueberlebensmesser das\u00a0EXTREMROBUST\u00a0\u00ae\u00a0ist nur bei uns erhaeltlich. Es ist nur moeglich, mittels dem elektronischen Online-Bestellformular und gegen Vorkasse\u00a0zu\u00a0bestellen. Es ist nicht moeglich, die Ware in der Werkstatt abzuholen.\u00a0\u00fcberleben&hellip;<\/p>\n","protected":false},"author":1,"featured_media":0,"parent":0,"menu_order":0,"comment_status":"closed","ping_status":"closed","template":"","meta":[],"yoast_head":"<!-- This site is optimized with the Yoast SEO plugin v19.8 - https:\/\/yoast.com\/wordpress\/plugins\/seo\/ -->\n<title>IMPRESSUM - Switzerinox<\/title>\n<meta name=\"robots\" content=\"index, follow, max-snippet:-1, max-image-preview:large, max-video-preview:-1\" \/>\n<link rel=\"canonical\" href=\"https:\/\/www.switzerinox.ch\/de\/impressum\/\" \/>\n<meta property=\"og:locale\" content=\"de_DE\" \/>\n<meta property=\"og:type\" content=\"article\" \/>\n<meta property=\"og:title\" content=\"IMPRESSUM - Switzerinox\" \/>\n<meta property=\"og:description\" content=\"IMPRESSUM solutionconcept.ch S\u00e0rl (GmbH) Werkstatt\u00a0Switzerinox.ch Route de Gen\u00e8ve 38 1033 Cheseaux-sur-Lausanne Schweiz T +41 (0)21 731 94 80 MO bis FR von 8:15 bis 11:30 und von 13:30 bis 17:30 NB : Das Ueberlebensmesser das\u00a0EXTREMROBUST\u00a0\u00ae\u00a0ist nur bei uns erhaeltlich. Es ist nur moeglich, mittels dem elektronischen Online-Bestellformular und gegen Vorkasse\u00a0zu\u00a0bestellen. Es ist nicht moeglich, die Ware in der Werkstatt abzuholen.\u00a0\u00fcberleben&hellip;\" \/>\n<meta property=\"og:url\" content=\"https:\/\/www.switzerinox.ch\/de\/impressum\/\" \/>\n<meta property=\"og:site_name\" content=\"Switzerinox\" \/>\n<meta property=\"article:modified_time\" content=\"2018-02-09T14:14:35+00:00\" \/>\n<meta name=\"twitter:card\" content=\"summary_large_image\" \/>\n<script type=\"application\/ld+json\" class=\"yoast-schema-graph\">{\"@context\":\"https:\/\/schema.org\",\"@graph\":[{\"@type\":\"WebPage\",\"@id\":\"https:\/\/www.switzerinox.ch\/de\/impressum\/\",\"url\":\"https:\/\/www.switzerinox.ch\/de\/impressum\/\",\"name\":\"IMPRESSUM - Switzerinox\",\"isPartOf\":{\"@id\":\"https:\/\/www.switzerinox.ch\/#website\"},\"datePublished\":\"2017-04-25T07:02:49+00:00\",\"dateModified\":\"2018-02-09T14:14:35+00:00\",\"breadcrumb\":{\"@id\":\"https:\/\/www.switzerinox.ch\/de\/impressum\/#breadcrumb\"},\"inLanguage\":\"de\",\"potentialAction\":[{\"@type\":\"ReadAction\",\"target\":[\"https:\/\/www.switzerinox.ch\/de\/impressum\/\"]}]},{\"@type\":\"BreadcrumbList\",\"@id\":\"https:\/\/www.switzerinox.ch\/de\/impressum\/#breadcrumb\",\"itemListElement\":[{\"@type\":\"ListItem\",\"position\":1,\"name\":\"Accueil\",\"item\":\"https:\/\/www.switzerinox.ch\/de\/\"},{\"@type\":\"ListItem\",\"position\":2,\"name\":\"IMPRESSUM\"}]},{\"@type\":\"WebSite\",\"@id\":\"https:\/\/www.switzerinox.ch\/#website\",\"url\":\"https:\/\/www.switzerinox.ch\/\",\"name\":\"Switzerinox\",\"description\":\"Switzerinox\",\"potentialAction\":[{\"@type\":\"SearchAction\",\"target\":{\"@type\":\"EntryPoint\",\"urlTemplate\":\"https:\/\/www.switzerinox.ch\/?s={search_term_string}\"},\"query-input\":\"required name=search_term_string\"}],\"inLanguage\":\"de\"}]}<\/script>\n<!-- \/ Yoast SEO plugin. -->","yoast_head_json":{"title":"IMPRESSUM - Switzerinox","robots":{"index":"index","follow":"follow","max-snippet":"max-snippet:-1","max-image-preview":"max-image-preview:large","max-video-preview":"max-video-preview:-1"},"canonical":"https:\/\/www.switzerinox.ch\/de\/impressum\/","og_locale":"de_DE","og_type":"article","og_title":"IMPRESSUM - Switzerinox","og_description":"IMPRESSUM solutionconcept.ch S\u00e0rl (GmbH) Werkstatt\u00a0Switzerinox.ch Route de Gen\u00e8ve 38 1033 Cheseaux-sur-Lausanne Schweiz T +41 (0)21 731 94 80 MO bis FR von 8:15 bis 11:30 und von 13:30 bis 17:30 NB : Das Ueberlebensmesser das\u00a0EXTREMROBUST\u00a0\u00ae\u00a0ist nur bei uns erhaeltlich. Es ist nur moeglich, mittels dem elektronischen Online-Bestellformular und gegen Vorkasse\u00a0zu\u00a0bestellen. Es ist nicht moeglich, die Ware in der Werkstatt abzuholen.\u00a0\u00fcberleben&hellip;","og_url":"https:\/\/www.switzerinox.ch\/de\/impressum\/","og_site_name":"Switzerinox","article_modified_time":"2018-02-09T14:14:35+00:00","twitter_card":"summary_large_image","schema":{"@context":"https:\/\/schema.org","@graph":[{"@type":"WebPage","@id":"https:\/\/www.switzerinox.ch\/de\/impressum\/","url":"https:\/\/www.switzerinox.ch\/de\/impressum\/","name":"IMPRESSUM - Switzerinox","isPartOf":{"@id":"https:\/\/www.switzerinox.ch\/#website"},"datePublished":"2017-04-25T07:02:49+00:00","dateModified":"2018-02-09T14:14:35+00:00","breadcrumb":{"@id":"https:\/\/www.switzerinox.ch\/de\/impressum\/#breadcrumb"},"inLanguage":"de","potentialAction":[{"@type":"ReadAction","target":["https:\/\/www.switzerinox.ch\/de\/impressum\/"]}]},{"@type":"BreadcrumbList","@id":"https:\/\/www.switzerinox.ch\/de\/impressum\/#breadcrumb","itemListElement":[{"@type":"ListItem","position":1,"name":"Accueil","item":"https:\/\/www.switzerinox.ch\/de\/"},{"@type":"ListItem","position":2,"name":"IMPRESSUM"}]},{"@type":"WebSite","@id":"https:\/\/www.switzerinox.ch\/#website","url":"https:\/\/www.switzerinox.ch\/","name":"Switzerinox","description":"Switzerinox","potentialAction":[{"@type":"SearchAction","target":{"@type":"EntryPoint","urlTemplate":"https:\/\/www.switzerinox.ch\/?s={search_term_string}"},"query-input":"required name=search_term_string"}],"inLanguage":"de"}]}},"_links":{"self":[{"href":"https:\/\/www.switzerinox.ch\/de\/wp-json\/wp\/v2\/pages\/942"}],"collection":[{"href":"https:\/\/www.switzerinox.ch\/de\/wp-json\/wp\/v2\/pages"}],"about":[{"href":"https:\/\/www.switzerinox.ch\/de\/wp-json\/wp\/v2\/types\/page"}],"author":[{"embeddable":true,"href":"https:\/\/www.switzerinox.ch\/de\/wp-json\/wp\/v2\/users\/1"}],"replies":[{"embeddable":true,"href":"https:\/\/www.switzerinox.ch\/de\/wp-json\/wp\/v2\/comments?post=942"}],"version-history":[{"count":26,"href":"https:\/\/www.switzerinox.ch\/de\/wp-json\/wp\/v2\/pages\/942\/revisions"}],"predecessor-version":[{"id":2102,"href":"https:\/\/www.switzerinox.ch\/de\/wp-json\/wp\/v2\/pages\/942\/revisions\/2102"}],"wp:attachment":[{"href":"https:\/\/www.switzerinox.ch\/de\/wp-json\/wp\/v2\/media?parent=942"}],"curies":[{"name":"wp","href":"https:\/\/api.w.org\/{rel}","templated":true}]}}